{"id":2472,"date":"2024-05-24T10:53:56","date_gmt":"2024-05-24T08:53:56","guid":{"rendered":"https:\/\/consultechstg.wpenginepowered.com\/despre-noi\/"},"modified":"2025-10-29T18:55:06","modified_gmt":"2025-10-29T16:55:06","slug":"despre-noi-consultech-utilaje-industriale","status":"publish","type":"page","link":"https:\/\/consultech.ro\/ro\/despre-noi-consultech-utilaje-industriale\/","title":{"rendered":"Despre noi"},"content":{"rendered":"","protected":false},"excerpt":{"rendered":"","protected":false},"author":1,"featured_media":1757,"parent":0,"menu_order":0,"comment_status":"closed","ping_status":"closed","template":"template-about.blade.php","meta":{"_acf_changed":false,"footnotes":""},"acf":[],"yoast_head":"<!-- This site is optimized with the Yoast SEO plugin v23.3 - https:\/\/yoast.com\/wordpress\/plugins\/seo\/ -->\n<title>Despre noi | Consultech | Utilaje industriale integrate<\/title>\n<meta name=\"description\" content=\"Exper\u021bi \u00een utilaje industriale pentru transfer termic, separare \u0219i tratarea apei. Peste 700 de sisteme instalate. Activ\u0103m \u00een Rom\u00e2nia \u0219i Europa de Est.\" \/>\n<meta name=\"robots\" content=\"index, follow, max-snippet:-1, max-image-preview:large, max-video-preview:-1\" \/>\n<link rel=\"canonical\" href=\"https:\/\/consultech.ro\/ro\/despre-noi-consultech-utilaje-industriale\/\" \/>\n<meta property=\"og:locale\" content=\"ro_RO\" \/>\n<meta property=\"og:type\" content=\"article\" \/>\n<meta property=\"og:title\" content=\"Despre noi | Consultech | Utilaje industriale integrate\" \/>\n<meta property=\"og:description\" content=\"Exper\u021bi \u00een utilaje industriale pentru transfer termic, separare \u0219i tratarea apei. Peste 700 de sisteme instalate. Activ\u0103m \u00een Rom\u00e2nia \u0219i Europa de Est.\" \/>\n<meta property=\"og:url\" content=\"https:\/\/consultech.ro\/ro\/despre-noi-consultech-utilaje-industriale\/\" \/>\n<meta property=\"og:site_name\" content=\"Consultech\" \/>\n<meta property=\"article:modified_time\" content=\"2025-10-29T16:55:06+00:00\" \/>\n<meta property=\"og:image\" content=\"https:\/\/consultech.ro\/wp-content\/uploads\/2024\/05\/fleet-scaled.jpg\" \/>\n\t<meta property=\"og:image:width\" content=\"2560\" \/>\n\t<meta property=\"og:image:height\" content=\"1440\" \/>\n\t<meta property=\"og:image:type\" content=\"image\/jpeg\" \/>\n<meta name=\"twitter:card\" content=\"summary_large_image\" \/>\n<meta name=\"twitter:label1\" content=\"Timp estimat pentru citire\" \/>\n\t<meta name=\"twitter:data1\" content=\"1 minut\" \/>\n<script type=\"application\/ld+json\" class=\"yoast-schema-graph\">{\"@context\":\"https:\/\/schema.org\",\"@graph\":[{\"@type\":\"WebPage\",\"@id\":\"https:\/\/consultech.ro\/ro\/despre-noi-consultech-utilaje-industriale\/\",\"url\":\"https:\/\/consultech.ro\/ro\/despre-noi-consultech-utilaje-industriale\/\",\"name\":\"Despre noi | Consultech | Utilaje industriale integrate\",\"isPartOf\":{\"@id\":\"https:\/\/consultech.ro\/#website\"},\"primaryImageOfPage\":{\"@id\":\"https:\/\/consultech.ro\/ro\/despre-noi-consultech-utilaje-industriale\/#primaryimage\"},\"image\":{\"@id\":\"https:\/\/consultech.ro\/ro\/despre-noi-consultech-utilaje-industriale\/#primaryimage\"},\"thumbnailUrl\":\"https:\/\/consultech.ro\/wp-content\/uploads\/2024\/05\/fleet-scaled.jpg\",\"datePublished\":\"2024-05-24T08:53:56+00:00\",\"dateModified\":\"2025-10-29T16:55:06+00:00\",\"description\":\"Exper\u021bi \u00een utilaje industriale pentru transfer termic, separare \u0219i tratarea apei. Peste 700 de sisteme instalate. Activ\u0103m \u00een Rom\u00e2nia \u0219i Europa de Est.\",\"breadcrumb\":{\"@id\":\"https:\/\/consultech.ro\/ro\/despre-noi-consultech-utilaje-industriale\/#breadcrumb\"},\"inLanguage\":\"ro-RO\",\"potentialAction\":[{\"@type\":\"ReadAction\",\"target\":[\"https:\/\/consultech.ro\/ro\/despre-noi-consultech-utilaje-industriale\/\"]}]},{\"@type\":\"ImageObject\",\"inLanguage\":\"ro-RO\",\"@id\":\"https:\/\/consultech.ro\/ro\/despre-noi-consultech-utilaje-industriale\/#primaryimage\",\"url\":\"https:\/\/consultech.ro\/wp-content\/uploads\/2024\/05\/fleet-scaled.jpg\",\"contentUrl\":\"https:\/\/consultech.ro\/wp-content\/uploads\/2024\/05\/fleet-scaled.jpg\",\"width\":2560,\"height\":1440,\"caption\":\"fleet\"},{\"@type\":\"BreadcrumbList\",\"@id\":\"https:\/\/consultech.ro\/ro\/despre-noi-consultech-utilaje-industriale\/#breadcrumb\",\"itemListElement\":[{\"@type\":\"ListItem\",\"position\":1,\"name\":\"Home\",\"item\":\"https:\/\/consultech.ro\/ro\/\"},{\"@type\":\"ListItem\",\"position\":2,\"name\":\"Despre noi\"}]},{\"@type\":\"WebSite\",\"@id\":\"https:\/\/consultech.ro\/#website\",\"url\":\"https:\/\/consultech.ro\/\",\"name\":\"Consultech\",\"description\":\"\",\"potentialAction\":[{\"@type\":\"SearchAction\",\"target\":{\"@type\":\"EntryPoint\",\"urlTemplate\":\"https:\/\/consultech.ro\/?s={search_term_string}\"},\"query-input\":\"required name=search_term_string\"}],\"inLanguage\":\"ro-RO\"}]}<\/script>\n<!-- \/ Yoast SEO plugin. -->","yoast_head_json":{"title":"Despre noi | Consultech | Utilaje industriale integrate","description":"Exper\u021bi \u00een utilaje industriale pentru transfer termic, separare \u0219i tratarea apei. Peste 700 de sisteme instalate. Activ\u0103m \u00een Rom\u00e2nia \u0219i Europa de Est.","robots":{"index":"index","follow":"follow","max-snippet":"max-snippet:-1","max-image-preview":"max-image-preview:large","max-video-preview":"max-video-preview:-1"},"canonical":"https:\/\/consultech.ro\/ro\/despre-noi-consultech-utilaje-industriale\/","og_locale":"ro_RO","og_type":"article","og_title":"Despre noi | Consultech | Utilaje industriale integrate","og_description":"Exper\u021bi \u00een utilaje industriale pentru transfer termic, separare \u0219i tratarea apei. Peste 700 de sisteme instalate. Activ\u0103m \u00een Rom\u00e2nia \u0219i Europa de Est.","og_url":"https:\/\/consultech.ro\/ro\/despre-noi-consultech-utilaje-industriale\/","og_site_name":"Consultech","article_modified_time":"2025-10-29T16:55:06+00:00","og_image":[{"width":2560,"height":1440,"url":"https:\/\/consultech.ro\/wp-content\/uploads\/2024\/05\/fleet-scaled.jpg","type":"image\/jpeg"}],"twitter_card":"summary_large_image","twitter_misc":{"Timp estimat pentru citire":"1 minut"},"schema":{"@context":"https:\/\/schema.org","@graph":[{"@type":"WebPage","@id":"https:\/\/consultech.ro\/ro\/despre-noi-consultech-utilaje-industriale\/","url":"https:\/\/consultech.ro\/ro\/despre-noi-consultech-utilaje-industriale\/","name":"Despre noi | Consultech | Utilaje industriale integrate","isPartOf":{"@id":"https:\/\/consultech.ro\/#website"},"primaryImageOfPage":{"@id":"https:\/\/consultech.ro\/ro\/despre-noi-consultech-utilaje-industriale\/#primaryimage"},"image":{"@id":"https:\/\/consultech.ro\/ro\/despre-noi-consultech-utilaje-industriale\/#primaryimage"},"thumbnailUrl":"https:\/\/consultech.ro\/wp-content\/uploads\/2024\/05\/fleet-scaled.jpg","datePublished":"2024-05-24T08:53:56+00:00","dateModified":"2025-10-29T16:55:06+00:00","description":"Exper\u021bi \u00een utilaje industriale pentru transfer termic, separare \u0219i tratarea apei. Peste 700 de sisteme instalate. Activ\u0103m \u00een Rom\u00e2nia \u0219i Europa de Est.","breadcrumb":{"@id":"https:\/\/consultech.ro\/ro\/despre-noi-consultech-utilaje-industriale\/#breadcrumb"},"inLanguage":"ro-RO","potentialAction":[{"@type":"ReadAction","target":["https:\/\/consultech.ro\/ro\/despre-noi-consultech-utilaje-industriale\/"]}]},{"@type":"ImageObject","inLanguage":"ro-RO","@id":"https:\/\/consultech.ro\/ro\/despre-noi-consultech-utilaje-industriale\/#primaryimage","url":"https:\/\/consultech.ro\/wp-content\/uploads\/2024\/05\/fleet-scaled.jpg","contentUrl":"https:\/\/consultech.ro\/wp-content\/uploads\/2024\/05\/fleet-scaled.jpg","width":2560,"height":1440,"caption":"fleet"},{"@type":"BreadcrumbList","@id":"https:\/\/consultech.ro\/ro\/despre-noi-consultech-utilaje-industriale\/#breadcrumb","itemListElement":[{"@type":"ListItem","position":1,"name":"Home","item":"https:\/\/consultech.ro\/ro\/"},{"@type":"ListItem","position":2,"name":"Despre noi"}]},{"@type":"WebSite","@id":"https:\/\/consultech.ro\/#website","url":"https:\/\/consultech.ro\/","name":"Consultech","description":"","potentialAction":[{"@type":"SearchAction","target":{"@type":"EntryPoint","urlTemplate":"https:\/\/consultech.ro\/?s={search_term_string}"},"query-input":"required name=search_term_string"}],"inLanguage":"ro-RO"}]}},"_links":{"self":[{"href":"https:\/\/consultech.ro\/ro\/wp-json\/wp\/v2\/pages\/2472"}],"collection":[{"href":"https:\/\/consultech.ro\/ro\/wp-json\/wp\/v2\/pages"}],"about":[{"href":"https:\/\/consultech.ro\/ro\/wp-json\/wp\/v2\/types\/page"}],"author":[{"embeddable":true,"href":"https:\/\/consultech.ro\/ro\/wp-json\/wp\/v2\/users\/1"}],"replies":[{"embeddable":true,"href":"https:\/\/consultech.ro\/ro\/wp-json\/wp\/v2\/comments?post=2472"}],"version-history":[{"count":6,"href":"https:\/\/consultech.ro\/ro\/wp-json\/wp\/v2\/pages\/2472\/revisions"}],"predecessor-version":[{"id":5669,"href":"https:\/\/consultech.ro\/ro\/wp-json\/wp\/v2\/pages\/2472\/revisions\/5669"}],"wp:featuredmedia":[{"embeddable":true,"href":"https:\/\/consultech.ro\/ro\/wp-json\/wp\/v2\/media\/1757"}],"wp:attachment":[{"href":"https:\/\/consultech.ro\/ro\/wp-json\/wp\/v2\/media?parent=2472"}],"curies":[{"name":"wp","href":"https:\/\/api.w.org\/{rel}","templated":true}]}}