{"id":3066,"date":"2024-07-16T11:38:15","date_gmt":"2024-07-16T11:38:15","guid":{"rendered":"https:\/\/consultechstg.wpenginepowered.com\/product\/ro-heat-exchanger-systems\/"},"modified":"2024-12-09T15:37:16","modified_gmt":"2024-12-09T15:37:16","slug":"schimbatoare-de-caldura","status":"publish","type":"product","link":"https:\/\/consultech.ro\/ro\/produse\/schimbatoare-de-caldura\/","title":{"rendered":"Sisteme de schimb\u0103toare de c\u0103ldur\u0103"},"content":{"rendered":"","protected":false},"excerpt":{"rendered":"","protected":false},"author":2,"featured_media":2155,"template":"","meta":{"_acf_changed":false},"supplier":[87],"filter_application":[134,136,126,127,128,129,133,130,122,135,131,132],"filter_solution":[162,123],"product_type":[151],"acf":[],"yoast_head":"<!-- This site is optimized with the Yoast SEO plugin v23.3 - https:\/\/yoast.com\/wordpress\/plugins\/seo\/ -->\n<title>Sisteme de schimb\u0103toare de c\u0103ldur\u0103 - Consultech<\/title>\n<meta name=\"robots\" content=\"noindex, follow\" \/>\n<meta property=\"og:locale\" content=\"ro_RO\" \/>\n<meta property=\"og:type\" content=\"article\" \/>\n<meta property=\"og:title\" content=\"Sisteme de schimb\u0103toare de c\u0103ldur\u0103 - Consultech\" \/>\n<meta property=\"og:url\" content=\"https:\/\/consultech.ro\/produse\/heat-exchanger-systems\/\" \/>\n<meta property=\"og:site_name\" content=\"Consultech\" \/>\n<meta property=\"article:modified_time\" content=\"2024-12-09T15:37:16+00:00\" \/>\n<meta property=\"og:image\" content=\"https:\/\/consultech.ro\/wp-content\/uploads\/2024\/07\/Heat-transfer-Heat-exchanger-systems.png\" \/>\n\t<meta property=\"og:image:width\" content=\"539\" \/>\n\t<meta property=\"og:image:height\" content=\"477\" \/>\n\t<meta property=\"og:image:type\" content=\"image\/png\" \/>\n<meta name=\"twitter:card\" content=\"summary_large_image\" \/>\n<script type=\"application\/ld+json\" class=\"yoast-schema-graph\">{\"@context\":\"https:\/\/schema.org\",\"@graph\":[{\"@type\":\"WebPage\",\"@id\":\"https:\/\/consultech.ro\/produse\/heat-exchanger-systems\/\",\"url\":\"https:\/\/consultech.ro\/produse\/heat-exchanger-systems\/\",\"name\":\"Sisteme de schimb\u0103toare de c\u0103ldur\u0103 - Consultech\",\"isPartOf\":{\"@id\":\"https:\/\/consultech.ro\/#website\"},\"primaryImageOfPage\":{\"@id\":\"https:\/\/consultech.ro\/produse\/heat-exchanger-systems\/#primaryimage\"},\"image\":{\"@id\":\"https:\/\/consultech.ro\/produse\/heat-exchanger-systems\/#primaryimage\"},\"thumbnailUrl\":\"https:\/\/consultech.ro\/wp-content\/uploads\/2024\/07\/Heat-transfer-Heat-exchanger-systems.png\",\"datePublished\":\"2024-07-16T11:38:15+00:00\",\"dateModified\":\"2024-12-09T15:37:16+00:00\",\"breadcrumb\":{\"@id\":\"https:\/\/consultech.ro\/produse\/heat-exchanger-systems\/#breadcrumb\"},\"inLanguage\":\"ro-RO\",\"potentialAction\":[{\"@type\":\"ReadAction\",\"target\":[\"https:\/\/consultech.ro\/produse\/heat-exchanger-systems\/\"]}]},{\"@type\":\"ImageObject\",\"inLanguage\":\"ro-RO\",\"@id\":\"https:\/\/consultech.ro\/produse\/heat-exchanger-systems\/#primaryimage\",\"url\":\"https:\/\/consultech.ro\/wp-content\/uploads\/2024\/07\/Heat-transfer-Heat-exchanger-systems.png\",\"contentUrl\":\"https:\/\/consultech.ro\/wp-content\/uploads\/2024\/07\/Heat-transfer-Heat-exchanger-systems.png\",\"width\":539,\"height\":477,\"caption\":\"Heat transfer - Heat exchanger systems\"},{\"@type\":\"BreadcrumbList\",\"@id\":\"https:\/\/consultech.ro\/produse\/heat-exchanger-systems\/#breadcrumb\",\"itemListElement\":[{\"@type\":\"ListItem\",\"position\":1,\"name\":\"Home\",\"item\":\"https:\/\/consultech.ro\/ro\/\"},{\"@type\":\"ListItem\",\"position\":2,\"name\":\"Products\",\"item\":\"https:\/\/consultech.ro\/product\/\"},{\"@type\":\"ListItem\",\"position\":3,\"name\":\"Sisteme de schimb\u0103toare de c\u0103ldur\u0103\"}]},{\"@type\":\"WebSite\",\"@id\":\"https:\/\/consultech.ro\/#website\",\"url\":\"https:\/\/consultech.ro\/\",\"name\":\"Consultech\",\"description\":\"\",\"potentialAction\":[{\"@type\":\"SearchAction\",\"target\":{\"@type\":\"EntryPoint\",\"urlTemplate\":\"https:\/\/consultech.ro\/?s={search_term_string}\"},\"query-input\":\"required name=search_term_string\"}],\"inLanguage\":\"ro-RO\"}]}<\/script>\n<!-- \/ Yoast SEO plugin. -->","yoast_head_json":{"title":"Sisteme de schimb\u0103toare de c\u0103ldur\u0103 - Consultech","robots":{"index":"noindex","follow":"follow"},"og_locale":"ro_RO","og_type":"article","og_title":"Sisteme de schimb\u0103toare de c\u0103ldur\u0103 - Consultech","og_url":"https:\/\/consultech.ro\/produse\/heat-exchanger-systems\/","og_site_name":"Consultech","article_modified_time":"2024-12-09T15:37:16+00:00","og_image":[{"width":539,"height":477,"url":"https:\/\/consultech.ro\/wp-content\/uploads\/2024\/07\/Heat-transfer-Heat-exchanger-systems.png","type":"image\/png"}],"twitter_card":"summary_large_image","schema":{"@context":"https:\/\/schema.org","@graph":[{"@type":"WebPage","@id":"https:\/\/consultech.ro\/produse\/heat-exchanger-systems\/","url":"https:\/\/consultech.ro\/produse\/heat-exchanger-systems\/","name":"Sisteme de schimb\u0103toare de c\u0103ldur\u0103 - Consultech","isPartOf":{"@id":"https:\/\/consultech.ro\/#website"},"primaryImageOfPage":{"@id":"https:\/\/consultech.ro\/produse\/heat-exchanger-systems\/#primaryimage"},"image":{"@id":"https:\/\/consultech.ro\/produse\/heat-exchanger-systems\/#primaryimage"},"thumbnailUrl":"https:\/\/consultech.ro\/wp-content\/uploads\/2024\/07\/Heat-transfer-Heat-exchanger-systems.png","datePublished":"2024-07-16T11:38:15+00:00","dateModified":"2024-12-09T15:37:16+00:00","breadcrumb":{"@id":"https:\/\/consultech.ro\/produse\/heat-exchanger-systems\/#breadcrumb"},"inLanguage":"ro-RO","potentialAction":[{"@type":"ReadAction","target":["https:\/\/consultech.ro\/produse\/heat-exchanger-systems\/"]}]},{"@type":"ImageObject","inLanguage":"ro-RO","@id":"https:\/\/consultech.ro\/produse\/heat-exchanger-systems\/#primaryimage","url":"https:\/\/consultech.ro\/wp-content\/uploads\/2024\/07\/Heat-transfer-Heat-exchanger-systems.png","contentUrl":"https:\/\/consultech.ro\/wp-content\/uploads\/2024\/07\/Heat-transfer-Heat-exchanger-systems.png","width":539,"height":477,"caption":"Heat transfer - Heat exchanger systems"},{"@type":"BreadcrumbList","@id":"https:\/\/consultech.ro\/produse\/heat-exchanger-systems\/#breadcrumb","itemListElement":[{"@type":"ListItem","position":1,"name":"Home","item":"https:\/\/consultech.ro\/ro\/"},{"@type":"ListItem","position":2,"name":"Products","item":"https:\/\/consultech.ro\/product\/"},{"@type":"ListItem","position":3,"name":"Sisteme de schimb\u0103toare de c\u0103ldur\u0103"}]},{"@type":"WebSite","@id":"https:\/\/consultech.ro\/#website","url":"https:\/\/consultech.ro\/","name":"Consultech","description":"","potentialAction":[{"@type":"SearchAction","target":{"@type":"EntryPoint","urlTemplate":"https:\/\/consultech.ro\/?s={search_term_string}"},"query-input":"required name=search_term_string"}],"inLanguage":"ro-RO"}]}},"_links":{"self":[{"href":"https:\/\/consultech.ro\/ro\/wp-json\/wp\/v2\/product\/3066"}],"collection":[{"href":"https:\/\/consultech.ro\/ro\/wp-json\/wp\/v2\/product"}],"about":[{"href":"https:\/\/consultech.ro\/ro\/wp-json\/wp\/v2\/types\/product"}],"author":[{"embeddable":true,"href":"https:\/\/consultech.ro\/ro\/wp-json\/wp\/v2\/users\/2"}],"wp:featuredmedia":[{"embeddable":true,"href":"https:\/\/consultech.ro\/ro\/wp-json\/wp\/v2\/media\/2155"}],"wp:attachment":[{"href":"https:\/\/consultech.ro\/ro\/wp-json\/wp\/v2\/media?parent=3066"}],"wp:term":[{"taxonomy":"supplier","embeddable":true,"href":"https:\/\/consultech.ro\/ro\/wp-json\/wp\/v2\/supplier?post=3066"},{"taxonomy":"filter_application","embeddable":true,"href":"https:\/\/consultech.ro\/ro\/wp-json\/wp\/v2\/filter_application?post=3066"},{"taxonomy":"filter_solution","embeddable":true,"href":"https:\/\/consultech.ro\/ro\/wp-json\/wp\/v2\/filter_solution?post=3066"},{"taxonomy":"product_type","embeddable":true,"href":"https:\/\/consultech.ro\/ro\/wp-json\/wp\/v2\/product_type?post=3066"}],"curies":[{"name":"wp","href":"https:\/\/api.w.org\/{rel}","templated":true}]}}